{"id":9,"date":"2013-10-01T19:22:35","date_gmt":"2013-10-01T19:22:35","guid":{"rendered":"http:\/\/new.akvoda.cz\/?page_id=9"},"modified":"2026-02-07T06:08:52","modified_gmt":"2026-02-07T06:08:52","slug":"o-nas","status":"publish","type":"page","link":"https:\/\/www.akvoda.cz\/cz\/","title":{"rendered":"O n\u00e1s"},"content":{"rendered":"<p>Advok\u00e1tn\u00ed kancel\u00e1\u0159 AK Voda s.r.o. p\u016fsob\u00ed v centru Prahy a dlouhodob\u011b se zam\u011b\u0159uje na insolven\u010dn\u00ed pr\u00e1vo, restrukturalizace a vym\u00e1h\u00e1n\u00ed pohled\u00e1vek. Op\u00edr\u00e1me se o rozs\u00e1hlou praxi v komplexn\u00edch sporech a insolven\u010dn\u00edch \u0159\u00edzen\u00edch, kde je rozhoduj\u00edc\u00ed rychlost, procesn\u00ed strategie a schopnost prosadit \u0159e\u0161en\u00ed i v n\u00e1ro\u010dn\u00fdch situac\u00edch.<\/p>\n<p>Sou\u010dasn\u011b aktivn\u011b vykon\u00e1v\u00e1me \u010dinnost insolven\u010dn\u00edho spr\u00e1vce. Insolven\u010dn\u00ed pr\u00e1vo vn\u00edm\u00e1me jako vysoce specializovanou oblast, kterou nelze d\u011blat kvalitn\u011b bez ka\u017edodenn\u00ed zku\u0161enosti z veden\u00ed insolven\u010dn\u00edch \u0159\u00edzen\u00ed a spr\u00e1vy majetkov\u00fdch podstat. P\u0159i poskytov\u00e1n\u00ed pr\u00e1vn\u00edho poradenstv\u00ed v\u017edy hled\u00e1me \u0159e\u0161en\u00ed v souladu se z\u00e1konem a z\u00e1rove\u0148 respektuj\u00edc\u00ed intern\u00ed pravidla a etick\u00e9 standardy klienta.<\/p>\n<p>Zku\u0161enosti m\u00e1me jak s poradenstv\u00edm pro mezin\u00e1rodn\u00ed spole\u010dnosti, tak pro jednotlivce, a to v \u010desk\u00e9m, n\u011bmeck\u00e9m i anglick\u00e9m jazyce. Typicky \u0159e\u0161\u00edme p\u0159\u00edpady, kter\u00e9 vy\u017eaduj\u00ed individu\u00e1ln\u00ed p\u0159\u00edstup, pe\u010dliv\u011b zvolenou procesn\u00ed strategii a d\u016fsledn\u00e9 procesn\u00ed veden\u00ed.<\/p>\n<h3>Co d\u011bl\u00e1me nej\u010dast\u011bji<\/h3>\n<ul style=\"margin:0.3em 0 0.6em; padding-left:1.1em;\">\n<li style=\"margin:0.15em 0; line-height:1.35;\">vym\u00e1h\u00e1n\u00ed pohled\u00e1vek v\u010detn\u011b slo\u017eit\u00fdch a sporn\u00fdch p\u0159\u00edpad\u016f<\/li>\n<li style=\"margin:0.15em 0; line-height:1.35;\">procesn\u00ed zastupov\u00e1n\u00ed v civiln\u00edm, exeku\u010dn\u00edm i insolven\u010dn\u00edm \u0159\u00edzen\u00ed<\/li>\n<li style=\"margin:0.15em 0; line-height:1.35;\">strategie pro spr\u00e1vu probl\u00e9mov\u00fdch pohled\u00e1vek (workout), jedn\u00e1n\u00ed s dlu\u017en\u00edky i zaji\u0161t\u011bn\u00edmi v\u011b\u0159iteli<\/li>\n<li style=\"margin:0.15em 0; line-height:1.35;\">obrana proti \u0161ikan\u00f3zn\u00edm insolven\u010dn\u00edm n\u00e1vrh\u016fm<\/li>\n<li style=\"margin:0.15em 0; line-height:1.35;\">reorganizace a restrukturalizace, p\u0159\u00edprava a prosazov\u00e1n\u00ed reorganiza\u010dn\u00edch \u0159e\u0161en\u00ed<\/li>\n<li style=\"margin:0.15em 0; line-height:1.35;\">zastupov\u00e1n\u00ed a podpora zahrani\u010dn\u00edch subjekt\u016f a insolven\u010dn\u00edch spr\u00e1vc\u016f v \u010cesk\u00e9 republice<\/li>\n<li style=\"margin:0.15em 0; line-height:1.35;\">smluvn\u00ed nastaven\u00ed obchodn\u00edch vztah\u016f a prevence spor\u016f<\/li>\n<li style=\"margin:0.15em 0; line-height:1.35;\">koordinace s dal\u0161\u00edmi profesemi (exekuto\u0159i, znalci, spr\u00e1vci z\u00e1vod\u016f, extern\u00ed insolven\u010dn\u00ed spr\u00e1vci) podle povahy v\u011bci<\/li>\n<li style=\"margin:0.15em 0; line-height:1.35;\">transparentn\u00ed veden\u00ed spis\u016f a pr\u016fb\u011b\u017en\u00fd reporting klient\u016fm<\/li>\n<\/ul>\n\n\n<p><strong>Pro v\u011b\u0159itele dlu\u017en\u00edka S-Power Energies, s.r.o. klikn\u011bte na n\u00ed\u017ee uveden\u00fd odkaz na str\u00e1nku ur\u010denou pro n\u011b:<\/strong><\/p>\n\n\n\n<figure class=\"wp-block-image size-full is-resized\"><a href=\"https:\/\/www.akvoda.cz\/cz\/sp\" target=\"_blank\" rel=\" noreferrer noopener\"><img loading=\"lazy\" decoding=\"async\" width=\"482\" height=\"463\" src=\"https:\/\/www.akvoda.cz\/cz\/wp-content\/uploads\/2025\/09\/Snimek-obrazovky-2025-09-08-155204.png\" alt=\"\" class=\"wp-image-562\" style=\"width:81px;height:auto\" srcset=\"https:\/\/www.akvoda.cz\/cz\/wp-content\/uploads\/2025\/09\/Snimek-obrazovky-2025-09-08-155204.png 482w, https:\/\/www.akvoda.cz\/cz\/wp-content\/uploads\/2025\/09\/Snimek-obrazovky-2025-09-08-155204-300x288.png 300w\" sizes=\"auto, (max-width: 482px) 100vw, 482px\" \/><\/a><\/figure>\n","protected":false},"excerpt":{"rendered":"<p>Advok\u00e1tn\u00ed kancel\u00e1\u0159 AK Voda s.r.o. p\u016fsob\u00ed v centru Prahy a dlouhodob\u011b se zam\u011b\u0159uje na insolven\u010dn\u00ed pr\u00e1vo, restrukturalizace a vym\u00e1h\u00e1n\u00ed pohled\u00e1vek. Op\u00edr\u00e1me se o rozs\u00e1hlou praxi v komplexn\u00edch sporech a insolven\u010dn\u00edch \u0159\u00edzen\u00edch, kde je rozhoduj\u00edc\u00ed rychlost, procesn\u00ed strategie a schopnost prosadit \u0159e\u0161en\u00ed i v n\u00e1ro\u010dn\u00fdch situac\u00edch. Sou\u010dasn\u011b aktivn\u011b vykon\u00e1v\u00e1me \u010dinnost insolven\u010dn\u00edho spr\u00e1vce. Insolven\u010dn\u00ed pr\u00e1vo vn\u00edm\u00e1me jako&hellip;<\/p>\n","protected":false},"author":2,"featured_media":0,"parent":0,"menu_order":0,"comment_status":"closed","ping_status":"closed","template":"","meta":{"_monsterinsights_skip_tracking":false,"_monsterinsights_sitenote_active":false,"_monsterinsights_sitenote_note":"","_monsterinsights_sitenote_category":0,"footnotes":""},"class_list":["post-9","page","type-page","status-publish","hentry","keywords-advokat","keywords-advokatni-kancelar","keywords-evropske-insolvencni-pravo","keywords-insolvence","keywords-insolvencni-advokat","keywords-insolvencni-expert","keywords-insolvencni-pravnik","keywords-pravnik","keywords-restrukturalizace"],"yoast_head":"<!-- This site is optimized with the Yoast SEO plugin v27.4 - https:\/\/yoast.com\/product\/yoast-seo-wordpress\/ -->\n<title>Advok\u00e1tn\u00ed kancel\u00e1\u0159 - Insolven\u010dn\u00ed pr\u00e1vo ze v\u0161ech \u00fahl\u016f<\/title>\n<meta name=\"description\" content=\"Advok\u00e1tn\u00ed kancel\u00e1\u0159 se zam\u011b\u0159en\u00edm na insolven\u010dn\u00ed pr\u00e1vo. Do na\u0161\u00ed specializace spadaj\u00ed \u00ed ty nejslo\u017eit\u011bj\u0161\u00ed kauzy, v\u010detn\u011b restrukturalizac\u00ed podnik\u016f.\" \/>\n<meta name=\"robots\" content=\"index, follow, max-snippet:-1, max-image-preview:large, max-video-preview:-1\" \/>\n<link rel=\"canonical\" href=\"http:\/\/www.akvoda.cz\/cz\/\" \/>\n<meta property=\"og:locale\" content=\"en_US\" \/>\n<meta property=\"og:type\" content=\"article\" \/>\n<meta property=\"og:title\" content=\"Advok\u00e1tn\u00ed kancel\u00e1\u0159 - Insolven\u010dn\u00ed pr\u00e1vo ze v\u0161ech \u00fahl\u016f\" \/>\n<meta property=\"og:description\" content=\"Advok\u00e1tn\u00ed kancel\u00e1\u0159 se zam\u011b\u0159en\u00edm na insolven\u010dn\u00ed pr\u00e1vo. Do na\u0161\u00ed specializace spadaj\u00ed \u00ed ty nejslo\u017eit\u011bj\u0161\u00ed kauzy, v\u010detn\u011b restrukturalizac\u00ed podnik\u016f.\" \/>\n<meta property=\"og:url\" content=\"http:\/\/www.akvoda.cz\/cz\/\" \/>\n<meta property=\"og:site_name\" content=\"AK Voda s.r.o., advok\u00e1tn\u00ed kancel\u00e1\u0159, experti na insolven\u010dn\u00ed pr\u00e1vo\" \/>\n<meta property=\"article:modified_time\" content=\"2026-02-07T06:08:52+00:00\" \/>\n<meta property=\"og:image\" content=\"https:\/\/www.akvoda.cz\/cz\/wp-content\/uploads\/2025\/09\/Snimek-obrazovky-2025-09-08-155204.png\" \/>\n<meta name=\"twitter:label1\" content=\"Est. reading time\" \/>\n\t<meta name=\"twitter:data1\" content=\"2 minutes\" \/>\n<script type=\"application\/ld+json\" class=\"yoast-schema-graph\">{\"@context\":\"https:\\\/\\\/schema.org\",\"@graph\":[{\"@type\":\"WebPage\",\"@id\":\"http:\\\/\\\/www.akvoda.cz\\\/cz\\\/\",\"url\":\"http:\\\/\\\/www.akvoda.cz\\\/cz\\\/\",\"name\":\"Advok\u00e1tn\u00ed kancel\u00e1\u0159 - Insolven\u010dn\u00ed pr\u00e1vo ze v\u0161ech \u00fahl\u016f\",\"isPartOf\":{\"@id\":\"http:\\\/\\\/www.akvoda.cz\\\/cz\\\/#website\"},\"primaryImageOfPage\":{\"@id\":\"http:\\\/\\\/www.akvoda.cz\\\/cz\\\/#primaryimage\"},\"image\":{\"@id\":\"http:\\\/\\\/www.akvoda.cz\\\/cz\\\/#primaryimage\"},\"thumbnailUrl\":\"https:\\\/\\\/www.akvoda.cz\\\/cz\\\/wp-content\\\/uploads\\\/2025\\\/09\\\/Snimek-obrazovky-2025-09-08-155204.png\",\"datePublished\":\"2013-10-01T19:22:35+00:00\",\"dateModified\":\"2026-02-07T06:08:52+00:00\",\"description\":\"Advok\u00e1tn\u00ed kancel\u00e1\u0159 se zam\u011b\u0159en\u00edm na insolven\u010dn\u00ed pr\u00e1vo. Do na\u0161\u00ed specializace spadaj\u00ed \u00ed ty nejslo\u017eit\u011bj\u0161\u00ed kauzy, v\u010detn\u011b restrukturalizac\u00ed podnik\u016f.\",\"breadcrumb\":{\"@id\":\"http:\\\/\\\/www.akvoda.cz\\\/cz\\\/#breadcrumb\"},\"inLanguage\":\"en-US\",\"potentialAction\":[{\"@type\":\"ReadAction\",\"target\":[\"http:\\\/\\\/www.akvoda.cz\\\/cz\\\/\"]}]},{\"@type\":\"ImageObject\",\"inLanguage\":\"en-US\",\"@id\":\"http:\\\/\\\/www.akvoda.cz\\\/cz\\\/#primaryimage\",\"url\":\"https:\\\/\\\/www.akvoda.cz\\\/cz\\\/wp-content\\\/uploads\\\/2025\\\/09\\\/Snimek-obrazovky-2025-09-08-155204.png\",\"contentUrl\":\"https:\\\/\\\/www.akvoda.cz\\\/cz\\\/wp-content\\\/uploads\\\/2025\\\/09\\\/Snimek-obrazovky-2025-09-08-155204.png\"},{\"@type\":\"BreadcrumbList\",\"@id\":\"http:\\\/\\\/www.akvoda.cz\\\/cz\\\/#breadcrumb\",\"itemListElement\":[{\"@type\":\"ListItem\",\"position\":1,\"name\":\"Home\",\"item\":\"http:\\\/\\\/www.akvoda.cz\\\/cz\\\/\"},{\"@type\":\"ListItem\",\"position\":2,\"name\":\"O n\u00e1s\"}]},{\"@type\":\"WebSite\",\"@id\":\"http:\\\/\\\/www.akvoda.cz\\\/cz\\\/#website\",\"url\":\"http:\\\/\\\/www.akvoda.cz\\\/cz\\\/\",\"name\":\"AK Voda s.r.o., advok\u00e1tn\u00ed kancel\u00e1\u0159, experti na insolven\u010dn\u00ed pr\u00e1vo\",\"description\":\"AK Voda s.r.o., advok\u00e1tn\u00ed kancel\u00e1\u0159, experti na insolven\u010dn\u00ed pr\u00e1vo\",\"potentialAction\":[{\"@type\":\"SearchAction\",\"target\":{\"@type\":\"EntryPoint\",\"urlTemplate\":\"http:\\\/\\\/www.akvoda.cz\\\/cz\\\/?s={search_term_string}\"},\"query-input\":{\"@type\":\"PropertyValueSpecification\",\"valueRequired\":true,\"valueName\":\"search_term_string\"}}],\"inLanguage\":\"en-US\"}]}<\/script>\n<!-- \/ Yoast SEO plugin. -->","yoast_head_json":{"title":"Advok\u00e1tn\u00ed kancel\u00e1\u0159 - Insolven\u010dn\u00ed pr\u00e1vo ze v\u0161ech \u00fahl\u016f","description":"Advok\u00e1tn\u00ed kancel\u00e1\u0159 se zam\u011b\u0159en\u00edm na insolven\u010dn\u00ed pr\u00e1vo. Do na\u0161\u00ed specializace spadaj\u00ed \u00ed ty nejslo\u017eit\u011bj\u0161\u00ed kauzy, v\u010detn\u011b restrukturalizac\u00ed podnik\u016f.","robots":{"index":"index","follow":"follow","max-snippet":"max-snippet:-1","max-image-preview":"max-image-preview:large","max-video-preview":"max-video-preview:-1"},"canonical":"http:\/\/www.akvoda.cz\/cz\/","og_locale":"en_US","og_type":"article","og_title":"Advok\u00e1tn\u00ed kancel\u00e1\u0159 - Insolven\u010dn\u00ed pr\u00e1vo ze v\u0161ech \u00fahl\u016f","og_description":"Advok\u00e1tn\u00ed kancel\u00e1\u0159 se zam\u011b\u0159en\u00edm na insolven\u010dn\u00ed pr\u00e1vo. Do na\u0161\u00ed specializace spadaj\u00ed \u00ed ty nejslo\u017eit\u011bj\u0161\u00ed kauzy, v\u010detn\u011b restrukturalizac\u00ed podnik\u016f.","og_url":"http:\/\/www.akvoda.cz\/cz\/","og_site_name":"AK Voda s.r.o., advok\u00e1tn\u00ed kancel\u00e1\u0159, experti na insolven\u010dn\u00ed pr\u00e1vo","article_modified_time":"2026-02-07T06:08:52+00:00","og_image":[{"url":"https:\/\/www.akvoda.cz\/cz\/wp-content\/uploads\/2025\/09\/Snimek-obrazovky-2025-09-08-155204.png","type":"","width":"","height":""}],"twitter_misc":{"Est. reading time":"2 minutes"},"schema":{"@context":"https:\/\/schema.org","@graph":[{"@type":"WebPage","@id":"http:\/\/www.akvoda.cz\/cz\/","url":"http:\/\/www.akvoda.cz\/cz\/","name":"Advok\u00e1tn\u00ed kancel\u00e1\u0159 - Insolven\u010dn\u00ed pr\u00e1vo ze v\u0161ech \u00fahl\u016f","isPartOf":{"@id":"http:\/\/www.akvoda.cz\/cz\/#website"},"primaryImageOfPage":{"@id":"http:\/\/www.akvoda.cz\/cz\/#primaryimage"},"image":{"@id":"http:\/\/www.akvoda.cz\/cz\/#primaryimage"},"thumbnailUrl":"https:\/\/www.akvoda.cz\/cz\/wp-content\/uploads\/2025\/09\/Snimek-obrazovky-2025-09-08-155204.png","datePublished":"2013-10-01T19:22:35+00:00","dateModified":"2026-02-07T06:08:52+00:00","description":"Advok\u00e1tn\u00ed kancel\u00e1\u0159 se zam\u011b\u0159en\u00edm na insolven\u010dn\u00ed pr\u00e1vo. Do na\u0161\u00ed specializace spadaj\u00ed \u00ed ty nejslo\u017eit\u011bj\u0161\u00ed kauzy, v\u010detn\u011b restrukturalizac\u00ed podnik\u016f.","breadcrumb":{"@id":"http:\/\/www.akvoda.cz\/cz\/#breadcrumb"},"inLanguage":"en-US","potentialAction":[{"@type":"ReadAction","target":["http:\/\/www.akvoda.cz\/cz\/"]}]},{"@type":"ImageObject","inLanguage":"en-US","@id":"http:\/\/www.akvoda.cz\/cz\/#primaryimage","url":"https:\/\/www.akvoda.cz\/cz\/wp-content\/uploads\/2025\/09\/Snimek-obrazovky-2025-09-08-155204.png","contentUrl":"https:\/\/www.akvoda.cz\/cz\/wp-content\/uploads\/2025\/09\/Snimek-obrazovky-2025-09-08-155204.png"},{"@type":"BreadcrumbList","@id":"http:\/\/www.akvoda.cz\/cz\/#breadcrumb","itemListElement":[{"@type":"ListItem","position":1,"name":"Home","item":"http:\/\/www.akvoda.cz\/cz\/"},{"@type":"ListItem","position":2,"name":"O n\u00e1s"}]},{"@type":"WebSite","@id":"http:\/\/www.akvoda.cz\/cz\/#website","url":"http:\/\/www.akvoda.cz\/cz\/","name":"AK Voda s.r.o., advok\u00e1tn\u00ed kancel\u00e1\u0159, experti na insolven\u010dn\u00ed pr\u00e1vo","description":"AK Voda s.r.o., advok\u00e1tn\u00ed kancel\u00e1\u0159, experti na insolven\u010dn\u00ed pr\u00e1vo","potentialAction":[{"@type":"SearchAction","target":{"@type":"EntryPoint","urlTemplate":"http:\/\/www.akvoda.cz\/cz\/?s={search_term_string}"},"query-input":{"@type":"PropertyValueSpecification","valueRequired":true,"valueName":"search_term_string"}}],"inLanguage":"en-US"}]}},"_links":{"self":[{"href":"https:\/\/www.akvoda.cz\/cz\/wp-json\/wp\/v2\/pages\/9","targetHints":{"allow":["GET"]}}],"collection":[{"href":"https:\/\/www.akvoda.cz\/cz\/wp-json\/wp\/v2\/pages"}],"about":[{"href":"https:\/\/www.akvoda.cz\/cz\/wp-json\/wp\/v2\/types\/page"}],"author":[{"embeddable":true,"href":"https:\/\/www.akvoda.cz\/cz\/wp-json\/wp\/v2\/users\/2"}],"replies":[{"embeddable":true,"href":"https:\/\/www.akvoda.cz\/cz\/wp-json\/wp\/v2\/comments?post=9"}],"version-history":[{"count":25,"href":"https:\/\/www.akvoda.cz\/cz\/wp-json\/wp\/v2\/pages\/9\/revisions"}],"predecessor-version":[{"id":615,"href":"https:\/\/www.akvoda.cz\/cz\/wp-json\/wp\/v2\/pages\/9\/revisions\/615"}],"wp:attachment":[{"href":"https:\/\/www.akvoda.cz\/cz\/wp-json\/wp\/v2\/media?parent=9"}],"curies":[{"name":"wp","href":"https:\/\/api.w.org\/{rel}","templated":true}]}}